{"id":3763,"date":"2021-05-26T16:19:21","date_gmt":"2021-05-26T14:19:21","guid":{"rendered":"https:\/\/coneglianoavantitutta.it\/?page_id=3763"},"modified":"2021-06-15T16:09:13","modified_gmt":"2021-06-15T14:09:13","slug":"chi-siamo","status":"publish","type":"page","link":"https:\/\/coneglianoavantitutta.it\/?page_id=3763","title":{"rendered":"Chi siamo"},"content":{"rendered":"<p>Conegliano possiede valori e tradizioni che sono il collante fondamentale della nostra societ\u00e0: per proiettare la Citt\u00e0 verso il futuro dobbiamo attingere da questo grande patrimonio e restituire centralit\u00e0 al senso di Comunit\u00e0 dei suoi abitanti.<\/p>\n<p>Il nostro progetto pone al centro i cittadini non solo in quanto fruitori delle scelte amministrative ma anche, e soprattutto, in quanto motore principale dell\u2019azione pubblica.<\/p>\n<p>Per gli ambiziosi obbiettivi che abbiamo, serve un\u2019azione politica in grado di pensare trascendendo i confini comunali: Conegliano \u00e8 la stella polare di una realt\u00e0 molto ampia deve brillare di una rinnovata attrattivit\u00e0.<\/p>\n<p><em>Insieme dobbiamo guardare il nostro passato, osservandolo senza miopie; dobbiamo agire nel presente, consapevoli che Conegliano \u00e8 la nostra grande casa; dobbiamo realizzare la Citt\u00e0 di domani, quella che desideriamo per tutti i nostri figli.<\/em><\/p>\n<p>La direzione da percorrere per noi \u00e8 chiara:<\/p>\n<p><strong>Conegliano, avanti tutta!<\/strong><\/p>\n","protected":false},"excerpt":{"rendered":"<p>Conegliano possiede valori e tradizioni che sono il collante fondamentale della nostra societ\u00e0: per proiettare la Citt\u00e0 verso il futuro [&hellip;]<\/p>\n","protected":false},"author":2,"featured_media":0,"parent":0,"menu_order":0,"comment_status":"closed","ping_status":"closed","template":"","meta":{"footnotes":""},"class_list":["post-3763","page","type-page","status-publish","hentry"],"_links":{"self":[{"href":"https:\/\/coneglianoavantitutta.it\/index.php?rest_route=\/wp\/v2\/pages\/3763","targetHints":{"allow":["GET"]}}],"collection":[{"href":"https:\/\/coneglianoavantitutta.it\/index.php?rest_route=\/wp\/v2\/pages"}],"about":[{"href":"https:\/\/coneglianoavantitutta.it\/index.php?rest_route=\/wp\/v2\/types\/page"}],"author":[{"embeddable":true,"href":"https:\/\/coneglianoavantitutta.it\/index.php?rest_route=\/wp\/v2\/users\/2"}],"replies":[{"embeddable":true,"href":"https:\/\/coneglianoavantitutta.it\/index.php?rest_route=%2Fwp%2Fv2%2Fcomments&post=3763"}],"version-history":[{"count":3,"href":"https:\/\/coneglianoavantitutta.it\/index.php?rest_route=\/wp\/v2\/pages\/3763\/revisions"}],"predecessor-version":[{"id":3880,"href":"https:\/\/coneglianoavantitutta.it\/index.php?rest_route=\/wp\/v2\/pages\/3763\/revisions\/3880"}],"wp:attachment":[{"href":"https:\/\/coneglianoavantitutta.it\/index.php?rest_route=%2Fwp%2Fv2%2Fmedia&parent=3763"}],"curies":[{"name":"wp","href":"https:\/\/api.w.org\/{rel}","templated":true}]}}